{"id":1598,"date":"2018-09-11T12:58:40","date_gmt":"2018-09-11T12:58:40","guid":{"rendered":"http:\/\/fidelpass.net\/blog\/?page_id=1598"},"modified":"2022-08-18T16:00:25","modified_gmt":"2022-08-18T14:00:25","slug":"programme-carte-de-fidelite-restaurant-pizzeria-burger-kebab-snack","status":"publish","type":"page","link":"https:\/\/fidelpass.net\/blog\/programme-carte-de-fidelite-restaurant-pizzeria-burger-kebab-snack\/","title":{"rendered":"Programme et Carte de fid\u00e9lit\u00e9 pour votre restaurant"},"content":{"rendered":"<p><img fetchpriority=\"high\" decoding=\"async\" class=\"aligncenter\" src=\"https:\/\/fidelpass.net\/blog\/wp-content\/uploads\/2018\/09\/29352069_1872333682799685_9204274596717262469_o-300x211.jpg\" sizes=\"(max-width: 300px) 100vw, 300px\" srcset=\"https:\/\/fidelpass.net\/blog\/wp-content\/uploads\/2018\/09\/29352069_1872333682799685_9204274596717262469_o-300x211.jpg 300w, https:\/\/fidelpass.net\/blog\/wp-content\/uploads\/2018\/09\/29352069_1872333682799685_9204274596717262469_o-768x540.jpg 768w, https:\/\/fidelpass.net\/blog\/wp-content\/uploads\/2018\/09\/29352069_1872333682799685_9204274596717262469_o-1024x721.jpg 1024w, https:\/\/fidelpass.net\/blog\/wp-content\/uploads\/2018\/09\/29352069_1872333682799685_9204274596717262469_o.jpg 1887w\" alt=\"\" width=\"388\" height=\"273\" \/><\/p>\n<h3 style=\"text-align: center;\"><strong>Vous avez un restaurant : Brasserie, Pizzeria, Burger, Kebab, Snack, Foodtruck, boostez votre commerce avec FidelPass !<\/strong><\/h3>\n<h4 style=\"text-align: center;\"><\/h4>\n<h4 style=\"text-align: center;\">Le programme de fid\u00e9lit\u00e9 de votre restaurant a besoin pour \u00eatre efficace et profitable d&rsquo;\u00eatre :<\/h4>\n<ul>\n<li><strong>\u00e0 votre image et celle de votre restaurant :<\/strong> vous serez content de donner votre carte de fid\u00e9lit\u00e9 \u00e0 vos clients, car votre programme met en valeur vos plats et donne envie de revenir pour go\u00fbter au m\u00eame plat ou d\u00e9couvrir d&rsquo;autres saveurs, seul ou \u00e0 plusieurs, \u00e0 n&rsquo;importe quel moment de la journ\u00e9e, ou plut\u00f4t le soir en semaine,&#8230;<\/li>\n<li><strong>attractif :<\/strong> vous avez le choix de r\u00e9compenser vos clients avec un programme de fid\u00e9lit\u00e9 \u00e0 points (10\u20ac donne 1 point ou 1 passage donne 10 points,&#8230;) en \u00e9change d&rsquo;une r\u00e9compense (liste pr\u00e9-\u00e9tablie visible sur la tablette) ou avec une cagnotte (choix du % libre en fonction de votre marge, exemple : \u00ab\u00a05% de vos additions\u00a0\u00bb). Chaque \u00e9tablissement a un fonctionnement diff\u00e9rent, c&rsquo;est pourquoi nous sommes l\u00e0 pour vous conseiller. L&rsquo;important \u00e0 retenir, installer une rapport \u00ab\u00a0gagnant-gagnant\u00a0\u00bb !<\/li>\n<li><strong>relationnel :<\/strong> Pour faire revenir vos clients, il faut cr\u00e9er votre fichier client, utiliser les donn\u00e9es de fa\u00e7on s\u00e9curis\u00e9e pour vous et vos clients, envoyer des campagnes mails et sms incitant \u00e0 revenir dans votre restaurant.<\/li>\n<li><strong>r\u00e9mun\u00e9rateur :<\/strong> g\u00e9n\u00e9rer plus de passages et augmenter votre panier moyen<\/li>\n<li><strong>en coh\u00e9rence avec vos clients :<\/strong> des carte de fid\u00e9lit\u00e9 d\u00e9mat\u00e9rialis\u00e9es \u00e0 100% , des cartes de fid\u00e9lit\u00e9 FidelPass, des cartes de fid\u00e9lit\u00e9 personnalis\u00e9es (comme une carte de visite), la mise \u00e0 disposition de l&rsquo;application mobile fid\u00e9lit\u00e9 FidelPass.<\/li>\n<li>mis en avant dans notre annuaire, sur une page web r\u00e9f\u00e9renc\u00e9e, avec votre logo, des photos li\u00e9es de votre restaurant, des rubriques pour d\u00e9crire votre activit\u00e9, vos coordonn\u00e9es de contact, un lien vers votre site internet.<\/li>\n<\/ul>\n<p>Voici un exemple<\/p>\n<p>Restaurant les Tilleuls :<\/p>\n<p><img decoding=\"async\" src=\"https:\/\/fidelpass.net\/blog\/wp-content\/uploads\/2018\/09\/29060811_1862778753755178_2063782285858883644_o-1024x382.jpg\" alt=\"\" width=\"620\" height=\"231\" \/><\/p>\n<p style=\"text-align: center;\">Pour en savoir plus <a href=\"https:\/\/www.fidelpass.com\/index.php?option=com_consumer&amp;task=inscription&amp;Itemid=5&amp;partner_id=66gjxz4plr&amp;email=&amp;passeportqr=true&amp;pv=03152378100002\">cliquez ici<\/a> :<\/p>\n<p>Si vous souhaitez une d\u00e9mo, ainsi que les tarifs : Remplissez le formulaire !<br \/>\n\n<div class=\"wpcf7 no-js\" id=\"wpcf7-f472-o1\" lang=\"en-US\" dir=\"ltr\" data-wpcf7-id=\"472\">\n<div class=\"screen-reader-response\"><p role=\"status\" aria-live=\"polite\" aria-atomic=\"true\"><\/p> <ul><\/ul><\/div>\n<form action=\"\/blog\/wp-json\/wp\/v2\/pages\/1598#wpcf7-f472-o1\" method=\"post\" class=\"wpcf7-form init\" aria-label=\"Contact form\" novalidate=\"novalidate\" data-status=\"init\">\n<div style=\"display: none;\">\n<input type=\"hidden\" name=\"_wpcf7\" value=\"472\" \/>\n<input type=\"hidden\" name=\"_wpcf7_version\" value=\"6.0.2\" \/>\n<input type=\"hidden\" name=\"_wpcf7_locale\" value=\"en_US\" \/>\n<input type=\"hidden\" name=\"_wpcf7_unit_tag\" value=\"wpcf7-f472-o1\" \/>\n<input type=\"hidden\" name=\"_wpcf7_container_post\" value=\"0\" \/>\n<input type=\"hidden\" name=\"_wpcf7_posted_data_hash\" value=\"\" \/>\n<input type=\"hidden\" name=\"_wpcf7_recaptcha_response\" value=\"\" \/>\n<\/div>\n<p>Votre Restaurant : (*)\n<\/p>\n<p><span class=\"wpcf7-form-control-wrap\" data-name=\"your-society\"><input size=\"40\" maxlength=\"400\" class=\"wpcf7-form-control wpcf7-text wpcf7-validates-as-required\" aria-required=\"true\" aria-invalid=\"false\" value=\"\" type=\"text\" name=\"your-society\" \/><\/span>\n<\/p>\n<p>Secteur d'activit\u00e9 :\n<\/p>\n<p>Restauration\n<\/p>\n<p>Votre nom (*)\n<\/p>\n<p><span class=\"wpcf7-form-control-wrap\" data-name=\"your-name\"><input size=\"40\" maxlength=\"400\" class=\"wpcf7-form-control wpcf7-text wpcf7-validates-as-required\" aria-required=\"true\" aria-invalid=\"false\" value=\"\" type=\"text\" name=\"your-name\" \/><\/span>\n<\/p>\n<p>Votre email (*)\n<\/p>\n<p><span class=\"wpcf7-form-control-wrap\" data-name=\"your-email\"><input size=\"40\" maxlength=\"400\" class=\"wpcf7-form-control wpcf7-email wpcf7-validates-as-required wpcf7-text wpcf7-validates-as-email\" aria-required=\"true\" aria-invalid=\"false\" value=\"\" type=\"email\" name=\"your-email\" \/><\/span>\n<\/p>\n<p>Votre t\u00e9l\u00e9phone(*)\n<\/p>\n<p><span class=\"wpcf7-form-control-wrap\" data-name=\"your-phone\"><input size=\"40\" maxlength=\"400\" class=\"wpcf7-form-control wpcf7-tel wpcf7-validates-as-required wpcf7-text wpcf7-validates-as-tel\" aria-required=\"true\" aria-invalid=\"false\" value=\"\" type=\"tel\" name=\"your-phone\" \/><\/span>\n<\/p>\n<p>Code postal(*)\n<\/p>\n<p><span class=\"wpcf7-form-control-wrap\" data-name=\"your-postcode\"><input size=\"40\" maxlength=\"400\" class=\"wpcf7-form-control wpcf7-text wpcf7-validates-as-required\" aria-required=\"true\" aria-invalid=\"false\" value=\"\" type=\"text\" name=\"your-postcode\" \/><\/span>\n<\/p>\n<p>Votre message\n<\/p>\n<p><span class=\"wpcf7-form-control-wrap\" data-name=\"your-message\"><textarea cols=\"40\" rows=\"10\" maxlength=\"2000\" class=\"wpcf7-form-control wpcf7-textarea\" aria-invalid=\"false\" name=\"your-message\"><\/textarea><\/span>\n<\/p>\n<p><input class=\"wpcf7-form-control wpcf7-submit has-spinner\" type=\"submit\" value=\"Envoyer\" \/>\n<\/p><p style=\"display: none !important;\" class=\"akismet-fields-container\" data-prefix=\"_wpcf7_ak_\"><label>&#916;<textarea name=\"_wpcf7_ak_hp_textarea\" cols=\"45\" rows=\"8\" maxlength=\"100\"><\/textarea><\/label><input type=\"hidden\" id=\"ak_js_1\" name=\"_wpcf7_ak_js\" value=\"208\"\/><script>document.getElementById( \"ak_js_1\" ).setAttribute( \"value\", ( new Date() ).getTime() );<\/script><\/p><div class=\"wpcf7-response-output\" aria-hidden=\"true\"><\/div>\n<\/form>\n<\/div>\n<\/p>\n","protected":false},"excerpt":{"rendered":"<p>Vous avez un restaurant : Brasserie, Pizzeria, Burger, Kebab, Snack, Foodtruck, boostez votre commerce avec FidelPass ! Le programme de fid\u00e9lit\u00e9 de votre restaurant a besoin pour \u00eatre efficace et profitable d&rsquo;\u00eatre : \u00e0 votre image et celle de votre restaurant : vous serez content de donner votre carte de fid\u00e9lit\u00e9 \u00e0 vos clients, car [&hellip;]<\/p>\n","protected":false},"author":1,"featured_media":0,"parent":0,"menu_order":0,"comment_status":"closed","ping_status":"closed","template":"","meta":{"site-sidebar-layout":"default","site-content-layout":"","ast-site-content-layout":"","site-content-style":"default","site-sidebar-style":"default","ast-global-header-display":"","ast-banner-title-visibility":"","ast-main-header-display":"","ast-hfb-above-header-display":"","ast-hfb-below-header-display":"","ast-hfb-mobile-header-display":"","site-post-title":"","ast-breadcrumbs-content":"","ast-featured-img":"","footer-sml-layout":"","theme-transparent-header-meta":"","adv-header-id-meta":"","stick-header-meta":"","header-above-stick-meta":"","header-main-stick-meta":"","header-below-stick-meta":"","astra-migrate-meta-layouts":"default","ast-page-background-enabled":"default","ast-page-background-meta":{"desktop":{"background-color":"var(--ast-global-color-4)","background-image":"","background-repeat":"repeat","background-position":"center center","background-size":"auto","background-attachment":"scroll","background-type":"","background-media":"","overlay-type":"","overlay-color":"","overlay-opacity":"","overlay-gradient":""},"tablet":{"background-color":"","background-image":"","background-repeat":"repeat","background-position":"center center","background-size":"auto","background-attachment":"scroll","background-type":"","background-media":"","overlay-type":"","overlay-color":"","overlay-opacity":"","overlay-gradient":""},"mobile":{"background-color":"","background-image":"","background-repeat":"repeat","background-position":"center center","background-size":"auto","background-attachment":"scroll","background-type":"","background-media":"","overlay-type":"","overlay-color":"","overlay-opacity":"","overlay-gradient":""}},"ast-content-background-meta":{"desktop":{"background-color":"var(--ast-global-color-5)","background-image":"","background-repeat":"repeat","background-position":"center center","background-size":"auto","background-attachment":"scroll","background-type":"","background-media":"","overlay-type":"","overlay-color":"","overlay-opacity":"","overlay-gradient":""},"tablet":{"background-color":"var(--ast-global-color-5)","background-image":"","background-repeat":"repeat","background-position":"center center","background-size":"auto","background-attachment":"scroll","background-type":"","background-media":"","overlay-type":"","overlay-color":"","overlay-opacity":"","overlay-gradient":""},"mobile":{"background-color":"var(--ast-global-color-5)","background-image":"","background-repeat":"repeat","background-position":"center center","background-size":"auto","background-attachment":"scroll","background-type":"","background-media":"","overlay-type":"","overlay-color":"","overlay-opacity":"","overlay-gradient":""}},"footnotes":""},"class_list":["post-1598","page","type-page","status-publish","hentry"],"_links":{"self":[{"href":"https:\/\/fidelpass.net\/blog\/wp-json\/wp\/v2\/pages\/1598","targetHints":{"allow":["GET"]}}],"collection":[{"href":"https:\/\/fidelpass.net\/blog\/wp-json\/wp\/v2\/pages"}],"about":[{"href":"https:\/\/fidelpass.net\/blog\/wp-json\/wp\/v2\/types\/page"}],"author":[{"embeddable":true,"href":"https:\/\/fidelpass.net\/blog\/wp-json\/wp\/v2\/users\/1"}],"replies":[{"embeddable":true,"href":"https:\/\/fidelpass.net\/blog\/wp-json\/wp\/v2\/comments?post=1598"}],"version-history":[{"count":30,"href":"https:\/\/fidelpass.net\/blog\/wp-json\/wp\/v2\/pages\/1598\/revisions"}],"predecessor-version":[{"id":2028,"href":"https:\/\/fidelpass.net\/blog\/wp-json\/wp\/v2\/pages\/1598\/revisions\/2028"}],"wp:attachment":[{"href":"https:\/\/fidelpass.net\/blog\/wp-json\/wp\/v2\/media?parent=1598"}],"curies":[{"name":"wp","href":"https:\/\/api.w.org\/{rel}","templated":true}]}}